{"id":2069,"date":"2022-11-05T22:45:03","date_gmt":"2022-11-05T21:45:03","guid":{"rendered":"http:\/\/pistart.be\/?page_id=2069"},"modified":"2026-04-12T18:25:33","modified_gmt":"2026-04-12T17:25:33","slug":"accueil","status":"publish","type":"page","link":"https:\/\/pistart.be\/","title":{"rendered":"Accueil"},"content":{"rendered":"\n<div class=\"wp-block-uagb-advanced-heading uagb-block-5db43704\"><h2 class=\"uagb-heading-text\">A belle saison : c\u00e9l\u00e9brons le sport <\/h2><\/div>\n\n\n<style>.kb-row-layout-id_754468-6a > .kt-row-column-wrap{align-content:start;}:where(.kb-row-layout-id_754468-6a > .kt-row-column-wrap) > .wp-block-kadence-column{justify-content:start;}.kb-row-layout-id_754468-6a > .kt-row-column-wrap{column-gap:var(--global-kb-gap-md, 2rem);row-gap:var(--global-kb-gap-md, 2rem);padding-top:var(--global-kb-spacing-sm, 1.5rem);padding-bottom:var(--global-kb-spacing-sm, 1.5rem);grid-template-columns:minmax(0, 1fr);}.kb-row-layout-id_754468-6a > .kt-row-layout-overlay{opacity:0.30;}@media all and (max-width: 1024px){.kb-row-layout-id_754468-6a > .kt-row-column-wrap{grid-template-columns:minmax(0, 1fr);}}@media all and (max-width: 767px){.kb-row-layout-id_754468-6a > .kt-row-column-wrap{grid-template-columns:minmax(0, 1fr);}}<\/style><div class=\"kb-row-layout-wrap kb-row-layout-id_754468-6a alignnone wp-block-kadence-rowlayout\"><div class=\"kt-row-column-wrap kt-has-1-columns kt-row-layout-equal kt-tab-layout-inherit kt-mobile-layout-row kt-row-valign-top\">\n<style>.kadence-column_59b280-5d > .kt-inside-inner-col{padding-right:var(--global-kb-spacing-5xl, 10rem);padding-left:var(--global-kb-spacing-5xl, 10rem);}.kadence-column_59b280-5d > .kt-inside-inner-col,.kadence-column_59b280-5d > .kt-inside-inner-col:before{border-top-left-radius:0px;border-top-right-radius:0px;border-bottom-right-radius:0px;border-bottom-left-radius:0px;}.kadence-column_59b280-5d > .kt-inside-inner-col:before{opacity:0.3;}.kadence-column_59b280-5d{text-align:center;}div:not(.kt-inside-inner-col) > .kadence-column_59b280-5d{position:relative;}@media all and (max-width: 767px){.kadence-column_59b280-5d > .kt-inside-inner-col{padding-top:0px;padding-right:0px;padding-left:0px;}}<\/style>\n<div class=\"wp-block-kadence-column kadence-column_59b280-5d\"><div class=\"kt-inside-inner-col\">\n<div class=\"wp-block-columns is-layout-flex wp-container-core-columns-is-layout-28f84493 wp-block-columns-is-layout-flex\">\n<div class=\"wp-block-column is-layout-flow wp-block-column-is-layout-flow\">\n<figure data-wp-context=\"{&quot;imageId&quot;:&quot;69e737534c04a&quot;}\" data-wp-interactive=\"core\/image\" data-wp-key=\"69e737534c04a\" class=\"wp-block-image size-large is-resized has-custom-border wp-lightbox-container\" style=\"margin-right:0;margin-left:0\"><img loading=\"lazy\" decoding=\"async\" width=\"1024\" height=\"785\" data-wp-class--hide=\"state.isContentHidden\" data-wp-class--show=\"state.isContentVisible\" data-wp-init=\"callbacks.setButtonStyles\" data-wp-on--click=\"actions.showLightbox\" data-wp-on--load=\"callbacks.setButtonStyles\" data-wp-on-window--resize=\"callbacks.setButtonStyles\" src=\"https:\/\/i0.wp.com\/pistart.be\/wp-content\/uploads\/2026\/04\/Bike-and-run-2026-2-1-2-3.jpg?resize=1024%2C785&#038;ssl=1\" alt=\"Troph\u00e9e bois de ch\u00eane grav\u00e9 au laser avec support pour le Bike &amp; Run de KULeuven \u00e0 UCLouvain 2026\" class=\"wp-image-4352\" style=\"border-style:none;border-width:0px;border-radius:100px;aspect-ratio:1;object-fit:cover;width:396px;height:auto\" srcset=\"https:\/\/i0.wp.com\/pistart.be\/wp-content\/uploads\/2026\/04\/Bike-and-run-2026-2-1-2-3-scaled.jpg?resize=1024%2C785&amp;ssl=1 1024w, https:\/\/i0.wp.com\/pistart.be\/wp-content\/uploads\/2026\/04\/Bike-and-run-2026-2-1-2-3-scaled.jpg?resize=300%2C230&amp;ssl=1 300w, https:\/\/i0.wp.com\/pistart.be\/wp-content\/uploads\/2026\/04\/Bike-and-run-2026-2-1-2-3-scaled.jpg?resize=768%2C589&amp;ssl=1 768w, https:\/\/i0.wp.com\/pistart.be\/wp-content\/uploads\/2026\/04\/Bike-and-run-2026-2-1-2-3-scaled.jpg?resize=1536%2C1178&amp;ssl=1 1536w, https:\/\/i0.wp.com\/pistart.be\/wp-content\/uploads\/2026\/04\/Bike-and-run-2026-2-1-2-3-scaled.jpg?resize=2048%2C1571&amp;ssl=1 2048w\" sizes=\"auto, (max-width: 1000px) 100vw, 1000px\" data-recalc-dims=\"1\" \/><button\n\t\t\tclass=\"lightbox-trigger\"\n\t\t\ttype=\"button\"\n\t\t\taria-haspopup=\"dialog\"\n\t\t\taria-label=\"Agrandir\"\n\t\t\tdata-wp-init=\"callbacks.initTriggerButton\"\n\t\t\tdata-wp-on--click=\"actions.showLightbox\"\n\t\t\tdata-wp-style--right=\"state.imageButtonRight\"\n\t\t\tdata-wp-style--top=\"state.imageButtonTop\"\n\t\t>\n\t\t\t<svg xmlns=\"http:\/\/www.w3.org\/2000\/svg\" width=\"12\" height=\"12\" fill=\"none\" viewBox=\"0 0 12 12\">\n\t\t\t\t<path fill=\"#fff\" d=\"M2 0a2 2 0 0 0-2 2v2h1.5V2a.5.5 0 0 1 .5-.5h2V0H2Zm2 10.5H2a.5.5 0 0 1-.5-.5V8H0v2a2 2 0 0 0 2 2h2v-1.5ZM8 12v-1.5h2a.5.5 0 0 0 .5-.5V8H12v2a2 2 0 0 1-2 2H8Zm2-12a2 2 0 0 1 2 2v2h-1.5V2a.5.5 0 0 0-.5-.5H8V0h2Z\" \/>\n\t\t\t<\/svg>\n\t\t<\/button><\/figure>\n<\/div>\n\n\n\n<div class=\"wp-block-column is-layout-flow wp-block-column-is-layout-flow\">\n<figure data-wp-context=\"{&quot;imageId&quot;:&quot;69e7375351418&quot;}\" data-wp-interactive=\"core\/image\" data-wp-key=\"69e7375351418\" class=\"wp-block-image size-large is-resized has-custom-border wp-lightbox-container\" style=\"margin-right:0;margin-left:0\"><img loading=\"lazy\" decoding=\"async\" width=\"1024\" height=\"755\" data-wp-class--hide=\"state.isContentHidden\" data-wp-class--show=\"state.isContentVisible\" data-wp-init=\"callbacks.setButtonStyles\" data-wp-on--click=\"actions.showLightbox\" data-wp-on--load=\"callbacks.setButtonStyles\" data-wp-on-window--resize=\"callbacks.setButtonStyles\" src=\"https:\/\/i0.wp.com\/pistart.be\/wp-content\/uploads\/2026\/04\/Woulfy-cup-2026-p2.jpg?resize=1024%2C755&#038;ssl=1\" alt=\"Troph\u00e9e bois de ch\u00eane grav\u00e9 au laser pour la Woulfy Cup de l'UCLouvain 2026\" class=\"wp-image-4336\" style=\"border-style:none;border-width:0px;border-radius:100px;aspect-ratio:1;object-fit:cover;width:396px;height:auto\" srcset=\"https:\/\/i0.wp.com\/pistart.be\/wp-content\/uploads\/2026\/04\/Woulfy-cup-2026-p2-scaled.jpg?resize=1024%2C755&amp;ssl=1 1024w, https:\/\/i0.wp.com\/pistart.be\/wp-content\/uploads\/2026\/04\/Woulfy-cup-2026-p2-scaled.jpg?resize=300%2C221&amp;ssl=1 300w, https:\/\/i0.wp.com\/pistart.be\/wp-content\/uploads\/2026\/04\/Woulfy-cup-2026-p2-scaled.jpg?resize=768%2C566&amp;ssl=1 768w, https:\/\/i0.wp.com\/pistart.be\/wp-content\/uploads\/2026\/04\/Woulfy-cup-2026-p2-scaled.jpg?resize=1536%2C1133&amp;ssl=1 1536w, https:\/\/i0.wp.com\/pistart.be\/wp-content\/uploads\/2026\/04\/Woulfy-cup-2026-p2-scaled.jpg?resize=2048%2C1511&amp;ssl=1 2048w\" sizes=\"auto, (max-width: 1000px) 100vw, 1000px\" data-recalc-dims=\"1\" \/><button\n\t\t\tclass=\"lightbox-trigger\"\n\t\t\ttype=\"button\"\n\t\t\taria-haspopup=\"dialog\"\n\t\t\taria-label=\"Agrandir\"\n\t\t\tdata-wp-init=\"callbacks.initTriggerButton\"\n\t\t\tdata-wp-on--click=\"actions.showLightbox\"\n\t\t\tdata-wp-style--right=\"state.imageButtonRight\"\n\t\t\tdata-wp-style--top=\"state.imageButtonTop\"\n\t\t>\n\t\t\t<svg xmlns=\"http:\/\/www.w3.org\/2000\/svg\" width=\"12\" height=\"12\" fill=\"none\" viewBox=\"0 0 12 12\">\n\t\t\t\t<path fill=\"#fff\" d=\"M2 0a2 2 0 0 0-2 2v2h1.5V2a.5.5 0 0 1 .5-.5h2V0H2Zm2 10.5H2a.5.5 0 0 1-.5-.5V8H0v2a2 2 0 0 0 2 2h2v-1.5ZM8 12v-1.5h2a.5.5 0 0 0 .5-.5V8H12v2a2 2 0 0 1-2 2H8Zm2-12a2 2 0 0 1 2 2v2h-1.5V2a.5.5 0 0 0-.5-.5H8V0h2Z\" \/>\n\t\t\t<\/svg>\n\t\t<\/button><\/figure>\n<\/div>\n<\/div>\n<\/div><\/div>\n\n<\/div><\/div>\n\n<style>.kadence-column_e17417-55 > .kt-inside-inner-col,.kadence-column_e17417-55 > .kt-inside-inner-col:before{border-top-left-radius:0px;border-top-right-radius:0px;border-bottom-right-radius:0px;border-bottom-left-radius:0px;}.kadence-column_e17417-55 > .kt-inside-inner-col:before{opacity:0.3;}div:not(.kt-inside-inner-col) > .kadence-column_e17417-55{position:relative;}<\/style>\n<div class=\"wp-block-kadence-column kadence-column_e17417-55\"><div class=\"kt-inside-inner-col\"><style>.wp-block-kadence-advancedbtn.kb-btns_281223-f2{gap:var(--global-kb-gap-xs, 0.5rem );justify-content:center;align-items:center;}.kt-btns_281223-f2 .kt-button{font-weight:normal;font-style:normal;}.kt-btns_281223-f2 .kt-btn-wrap-0{margin-right:5px;}.wp-block-kadence-advancedbtn.kt-btns_281223-f2 .kt-btn-wrap-0 .kt-button{color:#555555;border-color:#555555;}.wp-block-kadence-advancedbtn.kt-btns_281223-f2 .kt-btn-wrap-0 .kt-button:hover, .wp-block-kadence-advancedbtn.kt-btns_281223-f2 .kt-btn-wrap-0 .kt-button:focus{color:#ffffff;border-color:#444444;}.wp-block-kadence-advancedbtn.kt-btns_281223-f2 .kt-btn-wrap-0 .kt-button::before{display:none;}.wp-block-kadence-advancedbtn.kt-btns_281223-f2 .kt-btn-wrap-0 .kt-button:hover, .wp-block-kadence-advancedbtn.kt-btns_281223-f2 .kt-btn-wrap-0 .kt-button:focus{background:#444444;}<\/style>\n<div class=\"wp-block-kadence-advancedbtn kb-buttons-wrap kb-btns_281223-f2\"><style>.wp-block-kadence-advancedbtn .kb-btn_60d193-3c.kb-button{background:var(--ast-global-color-7);border-top-style:solid;border-right-style:solid;border-bottom-style:solid;border-left-style:solid;}.wp-block-kadence-advancedbtn .kb-btn_60d193-3c.kb-button:hover{border-top-style:solid;border-right-style:solid;border-bottom-style:solid;border-left-style:solid;}@media all and (max-width: 1024px){.wp-block-kadence-advancedbtn .kb-btn_60d193-3c.kb-button{border-top-style:solid;border-right-style:solid;border-bottom-style:solid;border-left-style:solid;}}@media all and (max-width: 1024px){.wp-block-kadence-advancedbtn .kb-btn_60d193-3c.kb-button:hover{border-top-style:solid;border-right-style:solid;border-bottom-style:solid;border-left-style:solid;}}@media all and (max-width: 767px){.wp-block-kadence-advancedbtn .kb-btn_60d193-3c.kb-button{border-top-style:solid;border-right-style:solid;border-bottom-style:solid;border-left-style:solid;}.wp-block-kadence-advancedbtn .kb-btn_60d193-3c.kb-button:hover{border-top-style:solid;border-right-style:solid;border-bottom-style:solid;border-left-style:solid;}}<\/style><a class=\"kb-button kt-button button kb-btn_60d193-3c kt-btn-size-standard kt-btn-width-type-auto kb-btn-global-fill kt-btn-has-text-true kt-btn-has-svg-true wp-block-kadence-singlebtn\" href=\"https:\/\/pistart.be\/?page_id=1928\"><span class=\"kt-btn-inner-text\">Troph\u00e9es sportifs etc <\/span><span class=\"kb-svg-icon-wrap kb-svg-icon-fe_arrowRight kt-btn-icon-side-right\"><svg viewBox=\"0 0 24 24\" fill=\"none\" stroke=\"currentColor\" stroke-width=\"2\" stroke-linecap=\"round\" stroke-linejoin=\"round\" xmlns=\"http:\/\/www.w3.org\/2000\/svg\"  aria-hidden=\"true\"><line x1=\"5\" y1=\"12\" x2=\"19\" y2=\"12\"\/><polyline points=\"12 5 19 12 12 19\"\/><\/svg><\/span><\/a><\/div>\n<\/div><\/div>\n\n\n\n<p><\/p>\n\n\n\n<p class=\"has-text-align-center has-ast-global-color-3-color has-text-color\">Envoyez-moi vos questions  via la page de <strong><a href=\"https:\/\/pistart.be\/?page_id=455\" target=\"_blank\" rel=\"noopener\" title=\"contact\">contact<\/a><\/strong><\/p>\n\n\n<style>.kb-row-layout-id_028f5e-86 > .kt-row-column-wrap{align-content:start;}:where(.kb-row-layout-id_028f5e-86 > .kt-row-column-wrap) > .wp-block-kadence-column{justify-content:start;}.kb-row-layout-id_028f5e-86 > .kt-row-column-wrap{column-gap:var(--global-kb-gap-md, 2rem);row-gap:var(--global-kb-gap-md, 2rem);padding-top:var(--global-kb-spacing-sm, 1.5rem);padding-bottom:var(--global-kb-spacing-sm, 1.5rem);grid-template-columns:minmax(0, 1fr);}.kb-row-layout-id_028f5e-86 > .kt-row-layout-overlay{opacity:0.30;}@media all and (max-width: 1024px){.kb-row-layout-id_028f5e-86 > .kt-row-column-wrap{grid-template-columns:minmax(0, 1fr);}}@media all and (max-width: 767px){.kb-row-layout-id_028f5e-86 > .kt-row-column-wrap{grid-template-columns:minmax(0, 1fr);}}<\/style><div class=\"kb-row-layout-wrap kb-row-layout-id_028f5e-86 alignnone wp-block-kadence-rowlayout\"><div class=\"kt-row-column-wrap kt-has-1-columns kt-row-layout-equal kt-tab-layout-inherit kt-mobile-layout-row kt-row-valign-top\">\n<style>.kadence-column_344fcd-d9 > .kt-inside-inner-col,.kadence-column_344fcd-d9 > .kt-inside-inner-col:before{border-top-left-radius:0px;border-top-right-radius:0px;border-bottom-right-radius:0px;border-bottom-left-radius:0px;}.kadence-column_344fcd-d9 > .kt-inside-inner-col:before{opacity:0.3;}div:not(.kt-inside-inner-col) > .kadence-column_344fcd-d9{position:relative;}<\/style>\n<div class=\"wp-block-kadence-column kadence-column_344fcd-d9 inner-column-1\"><div class=\"kt-inside-inner-col\">\n<ul class=\"wp-block-social-links aligncenter has-normal-icon-size has-visible-labels has-icon-color has-icon-background-color is-style-pill-shape is-layout-flex wp-block-social-links-is-layout-flex\"><li style=\"color:var(--ast-global-color-5);background-color:var(--ast-global-color-1);\" class=\"wp-social-link wp-social-link-instagram has-ast-global-color-5-color has-ast-global-color-1-background-color wp-block-social-link\"><a rel=\"noopener nofollow\" target=\"_blank\" href=\"https:\/\/instagram.com\/pistart.msa?igshid=YmMyMTA2M2Y=\" class=\"wp-block-social-link-anchor\"><svg width=\"24\" height=\"24\" viewBox=\"0 0 24 24\" version=\"1.1\" xmlns=\"http:\/\/www.w3.org\/2000\/svg\" aria-hidden=\"true\" focusable=\"false\"><path d=\"M12,4.622c2.403,0,2.688,0.009,3.637,0.052c0.877,0.04,1.354,0.187,1.671,0.31c0.42,0.163,0.72,0.358,1.035,0.673 c0.315,0.315,0.51,0.615,0.673,1.035c0.123,0.317,0.27,0.794,0.31,1.671c0.043,0.949,0.052,1.234,0.052,3.637 s-0.009,2.688-0.052,3.637c-0.04,0.877-0.187,1.354-0.31,1.671c-0.163,0.42-0.358,0.72-0.673,1.035 c-0.315,0.315-0.615,0.51-1.035,0.673c-0.317,0.123-0.794,0.27-1.671,0.31c-0.949,0.043-1.233,0.052-3.637,0.052 s-2.688-0.009-3.637-0.052c-0.877-0.04-1.354-0.187-1.671-0.31c-0.42-0.163-0.72-0.358-1.035-0.673 c-0.315-0.315-0.51-0.615-0.673-1.035c-0.123-0.317-0.27-0.794-0.31-1.671C4.631,14.688,4.622,14.403,4.622,12 s0.009-2.688,0.052-3.637c0.04-0.877,0.187-1.354,0.31-1.671c0.163-0.42,0.358-0.72,0.673-1.035 c0.315-0.315,0.615-0.51,1.035-0.673c0.317-0.123,0.794-0.27,1.671-0.31C9.312,4.631,9.597,4.622,12,4.622 M12,3 C9.556,3,9.249,3.01,8.289,3.054C7.331,3.098,6.677,3.25,6.105,3.472C5.513,3.702,5.011,4.01,4.511,4.511 c-0.5,0.5-0.808,1.002-1.038,1.594C3.25,6.677,3.098,7.331,3.054,8.289C3.01,9.249,3,9.556,3,12c0,2.444,0.01,2.751,0.054,3.711 c0.044,0.958,0.196,1.612,0.418,2.185c0.23,0.592,0.538,1.094,1.038,1.594c0.5,0.5,1.002,0.808,1.594,1.038 c0.572,0.222,1.227,0.375,2.185,0.418C9.249,20.99,9.556,21,12,21s2.751-0.01,3.711-0.054c0.958-0.044,1.612-0.196,2.185-0.418 c0.592-0.23,1.094-0.538,1.594-1.038c0.5-0.5,0.808-1.002,1.038-1.594c0.222-0.572,0.375-1.227,0.418-2.185 C20.99,14.751,21,14.444,21,12s-0.01-2.751-0.054-3.711c-0.044-0.958-0.196-1.612-0.418-2.185c-0.23-0.592-0.538-1.094-1.038-1.594 c-0.5-0.5-1.002-0.808-1.594-1.038c-0.572-0.222-1.227-0.375-2.185-0.418C14.751,3.01,14.444,3,12,3L12,3z M12,7.378 c-2.552,0-4.622,2.069-4.622,4.622S9.448,16.622,12,16.622s4.622-2.069,4.622-4.622S14.552,7.378,12,7.378z M12,15 c-1.657,0-3-1.343-3-3s1.343-3,3-3s3,1.343,3,3S13.657,15,12,15z M16.804,6.116c-0.596,0-1.08,0.484-1.08,1.08 s0.484,1.08,1.08,1.08c0.596,0,1.08-0.484,1.08-1.08S17.401,6.116,16.804,6.116z\"><\/path><\/svg><span class=\"wp-block-social-link-label\">Suivez-moi sur Instagram<\/span><\/a><\/li><\/ul>\n<\/div><\/div>\n\n<\/div><\/div>","protected":false},"excerpt":{"rendered":"<p>Envoyez-moi vos questions via la page de contact<\/p>\n","protected":false},"author":1,"featured_media":0,"parent":0,"menu_order":0,"comment_status":"closed","ping_status":"closed","template":"","meta":{"_uag_custom_page_level_css":"","site-sidebar-layout":"default","site-content-layout":"default","ast-global-header-display":"","ast-main-header-display":"","ast-hfb-above-header-display":"","ast-hfb-below-header-display":"","ast-hfb-mobile-header-display":"","site-post-title":"disabled","ast-breadcrumbs-content":"","ast-featured-img":"","footer-sml-layout":"","theme-transparent-header-meta":"","adv-header-id-meta":"","stick-header-meta":"","header-above-stick-meta":"","header-main-stick-meta":"","header-below-stick-meta":"","footnotes":""},"class_list":["post-2069","page","type-page","status-publish","hentry"],"aioseo_notices":[],"uagb_featured_image_src":{"full":false,"thumbnail":false,"medium":false,"medium_large":false,"large":false,"1536x1536":false,"2048x2048":false},"uagb_author_info":{"display_name":"steppi139","author_link":"https:\/\/pistart.be\/?author=1"},"uagb_comment_info":0,"uagb_excerpt":"Envoyez-moi vos questions via la page de contact","_links":{"self":[{"href":"https:\/\/pistart.be\/index.php?rest_route=\/wp\/v2\/pages\/2069","targetHints":{"allow":["GET"]}}],"collection":[{"href":"https:\/\/pistart.be\/index.php?rest_route=\/wp\/v2\/pages"}],"about":[{"href":"https:\/\/pistart.be\/index.php?rest_route=\/wp\/v2\/types\/page"}],"author":[{"embeddable":true,"href":"https:\/\/pistart.be\/index.php?rest_route=\/wp\/v2\/users\/1"}],"replies":[{"embeddable":true,"href":"https:\/\/pistart.be\/index.php?rest_route=%2Fwp%2Fv2%2Fcomments&post=2069"}],"version-history":[{"count":385,"href":"https:\/\/pistart.be\/index.php?rest_route=\/wp\/v2\/pages\/2069\/revisions"}],"predecessor-version":[{"id":4359,"href":"https:\/\/pistart.be\/index.php?rest_route=\/wp\/v2\/pages\/2069\/revisions\/4359"}],"wp:attachment":[{"href":"https:\/\/pistart.be\/index.php?rest_route=%2Fwp%2Fv2%2Fmedia&parent=2069"}],"curies":[{"name":"wp","href":"https:\/\/api.w.org\/{rel}","templated":true}]}}