{"id":2276,"date":"2022-11-06T18:19:33","date_gmt":"2022-11-06T17:19:33","guid":{"rendered":"https:\/\/pistart.be\/?page_id=2276"},"modified":"2022-11-30T20:35:27","modified_gmt":"2022-11-30T19:35:27","slug":"du-ciel-au-bois","status":"publish","type":"page","link":"https:\/\/pistart.be\/?page_id=2276","title":{"rendered":"Du Ciel au bois"},"content":{"rendered":"<style>.kadence-column_6c2cf7-bb > .kt-inside-inner-col{border-top-width:0px;border-right-width:0px;border-bottom-width:0px;border-left-width:0px;}.kadence-column_6c2cf7-bb > .kt-inside-inner-col,.kadence-column_6c2cf7-bb > .kt-inside-inner-col:before{border-top-left-radius:0px;border-top-right-radius:0px;border-bottom-right-radius:0px;border-bottom-left-radius:0px;}.kadence-column_6c2cf7-bb > .kt-inside-inner-col:before{opacity:0.3;}div:not(.kt-inside-inner-col) > .kadence-column_6c2cf7-bb{position:relative;}<\/style>\n<div class=\"wp-block-kadence-column inner-column-1 kadence-column_6c2cf7-bb\"><div class=\"kt-inside-inner-col\">\n<div class=\"wp-block-uagb-advanced-heading uagb-block-e40f3fac\"><h3 class=\"uagb-heading-text\"><br>Du ciel au bois<\/h3><\/div>\n\n\n\n<div class=\"wp-block-uagb-image uagb-block-6b5b9d89 wp-block-uagb-image--layout-default wp-block-uagb-image--effect-static wp-block-uagb-image--align-none\"><figure class=\"wp-block-uagb-image__figure\"><img decoding=\"async\" srcset=\"https:\/\/i0.wp.com\/pistart.be\/wp-content\/uploads\/2022\/11\/cerf-steph-1.jpg?resize=402%2C226&#038;ssl=1 \" src=\"https:\/\/i0.wp.com\/pistart.be\/wp-content\/uploads\/2022\/11\/cerf-steph-1.jpg?resize=402%2C226&#038;ssl=1\" alt=\"\" class=\"uag-image-2530\" width=\"402\" height=\"226\" title=\"\" loading=\"lazy\" data-recalc-dims=\"1\"\/><\/figure><\/div>\n\n\n\n<p>2022&nbsp;: une ann\u00e9e charni\u00e8re, celle d\u2019une r\u00e9orientation professionnelle\u2026<\/p>\n\n\n\n<p>Comment mettre \u00e0 profit le temps d\u00e9sormais disponible&nbsp;apr\u00e8s une carri\u00e8re de pilote militaire bien remplie&nbsp;? Ce n\u2019\u00e9tait pour moi pas un grand d\u00e9fi, tant les options \u00e9taient nombreuses. Et le choix fut vite fait&nbsp;!<\/p>\n\n\n\n<p>J\u2019allais enfin pouvoir donner cours \u00e0 ma cr\u00e9ativit\u00e9, dans un domaine que j\u2019avais toujours aim\u00e9, sans pouvoir y consacrer beaucoup de temps&nbsp;: le travail du bois.<\/p>\n\n\n\n<p>Afin de me pr\u00e9parer correctement \u00e0 cette nouvelle occupation et me doter des connaissances et techniques qui me manquaient pour concr\u00e9tiser de mani\u00e8re professionnelle les id\u00e9es qui foisonnaient dans ma t\u00eate, j\u2019ai suivi une formation d\u2019\u00e9b\u00e9niste de 2020 \u00e0 2022.<\/p>\n\n\n\n<p>Mais c\u2019est surtout lors des stages dans un atelier de menuiserie que j\u2019ai appris les trucs et astuces qui rendent ce travail si passionnant et enrichissant. Et comme cette exp\u00e9rience s\u2019est av\u00e9r\u00e9e gratifiante, je continue aujourd\u2019hui \u00e0 travailler dans cet atelier, ce qui me permet de parfaire mes gestes ou d\u00e9couvrir de nouvelles techniques.<\/p>\n<\/div><\/div>\n\n\n<style>#kt-layout-id_7c1c12-62 > .kt-row-column-wrap{align-content:start;}:where(#kt-layout-id_7c1c12-62 > .kt-row-column-wrap) > .wp-block-kadence-column{justify-content:start;}#kt-layout-id_7c1c12-62 > .kt-row-column-wrap{column-gap:var(--global-kb-gap-md, 2rem);row-gap:var(--global-kb-gap-md, 2rem);padding-top:25px;padding-bottom:25px;padding-top:var(--global-kb-spacing-sm, 1.5rem);padding-bottom:var(--global-kb-spacing-sm, 1.5rem);grid-template-columns:minmax(0, 1fr);}#kt-layout-id_7c1c12-62 > .kt-row-layout-overlay{opacity:0.30;}@media all and (max-width: 1024px){#kt-layout-id_7c1c12-62 > .kt-row-column-wrap{grid-template-columns:minmax(0, 1fr);}}@media all and (max-width: 767px){#kt-layout-id_7c1c12-62 > .kt-row-column-wrap{grid-template-columns:minmax(0, 1fr);}}<\/style>\n<div class=\"wp-block-kadence-rowlayout alignnone\"><div id=\"kt-layout-id_7c1c12-62\" class=\"kt-row-layout-inner kt-layout-id_7c1c12-62\"><div class=\"kt-row-column-wrap kt-has-1-columns kt-gutter-default kt-v-gutter-default kt-row-valign-top kt-row-layout-equal kt-tab-layout-inherit kt-m-colapse-left-to-right kt-mobile-layout-row\"><style>.kadence-column_c1aa65-73 > .kt-inside-inner-col{border-top-width:0px;border-right-width:0px;border-bottom-width:0px;border-left-width:0px;}.kadence-column_c1aa65-73 > .kt-inside-inner-col,.kadence-column_c1aa65-73 > .kt-inside-inner-col:before{border-top-left-radius:0px;border-top-right-radius:0px;border-bottom-right-radius:0px;border-bottom-left-radius:0px;}.kadence-column_c1aa65-73 > .kt-inside-inner-col:before{opacity:0.3;}div:not(.kt-inside-inner-col) > .kadence-column_c1aa65-73{position:relative;}<\/style>\n<div class=\"wp-block-kadence-column inner-column-1 kadence-column_c1aa65-73\"><div class=\"kt-inside-inner-col\"><style>.wp-block-kadence-advancedbtn.kb-btns_1374c6-4e{gap:var(--global-kb-gap-xs, 0.5rem );justify-content:center;align-items:center;}.kt-btns_1374c6-4e .kt-button{font-weight:normal;font-style:normal;}.kt-btns_1374c6-4e .kt-btn-wrap-0{margin-right:5px;}.wp-block-kadence-advancedbtn.kt-btns_1374c6-4e .kt-btn-wrap-0 .kt-button{color:var(--ast-global-color-5);background:var(--ast-global-color-3);border-color:#555555;}.wp-block-kadence-advancedbtn.kt-btns_1374c6-4e .kt-btn-wrap-0 .kt-button:hover, .wp-block-kadence-advancedbtn.kt-btns_1374c6-4e .kt-btn-wrap-0 .kt-button:focus{color:#ffffff;border-color:#444444;}.wp-block-kadence-advancedbtn.kt-btns_1374c6-4e .kt-btn-wrap-0 .kt-button::before{display:none;}.wp-block-kadence-advancedbtn.kt-btns_1374c6-4e .kt-btn-wrap-0 .kt-button:hover, .wp-block-kadence-advancedbtn.kt-btns_1374c6-4e .kt-btn-wrap-0 .kt-button:focus{background:#444444;}.wp-block-kadence-advancedbtn.kt-btns_1374c6-4e .kt-btn-wrap-0 .kt-button .kt-btn-svg-icon{color:var(--ast-global-color-5);}<\/style>\n<div class=\"wp-block-kadence-advancedbtn kt-btn-align-center kt-btn-tablet-align-inherit kt-btn-mobile-align-inherit kt-btns-wrap kt-btns_1374c6-4e\"><div class=\"kt-btn-wrap kt-btn-wrap-0\"><a class=\"kt-button button kt-btn-0-action kt-btn-size-standard kt-btn-style-basic kt-btn-svg-show-always kt-btn-has-text-true kt-btn-has-svg-true\" href=\"https:\/\/pistart.be\/\" style=\"border-radius:23px\"><div style=\"display:inline-flex;justify-content:center;align-items:center\" class=\"kt-btn-svg-icon kt-btn-svg-icon-fe_home kt-btn-side-left\"><svg style=\"display:inline-block;vertical-align:middle\" viewBox=\"0 0 24 24\" height=\"1em\" width=\"1em\" fill=\"none\" stroke=\"currentColor\" xmlns=\"http:\/\/www.w3.org\/2000\/svg\" stroke-width=\"2\" stroke-linecap=\"round\" stroke-linejoin=\"round\"><path d=\"M3 9l9-7 9 7v11a2 2 0 0 1-2 2H5a2 2 0 0 1-2-2z\"><\/path><polyline points=\"9 22 9 12 15 12 15 22\"><\/polyline><\/svg><\/div><span class=\"kt-btn-inner-text\">Accueil<\/span><\/a><\/div><\/div>\n<\/div><\/div>\n<\/div><\/div><\/div>\n","protected":false},"excerpt":{"rendered":"<p>2022&nbsp;: une ann\u00e9e charni\u00e8re, celle d\u2019une r\u00e9orientation professionnelle\u2026 Comment mettre \u00e0 profit le temps d\u00e9sormais disponible&nbsp;apr\u00e8s une carri\u00e8re de pilote militaire bien remplie&nbsp;? Ce n\u2019\u00e9tait pour moi pas un grand d\u00e9fi, tant les options \u00e9taient nombreuses. Et le choix fut vite fait&nbsp;! J\u2019allais enfin pouvoir donner cours \u00e0 ma cr\u00e9ativit\u00e9, dans un domaine que j\u2019avais &hellip;<\/p>\n<p class=\"read-more\"> <a class=\"\" href=\"https:\/\/pistart.be\/?page_id=2276\"> <span class=\"screen-reader-text\">Du Ciel au bois<\/span> Lire la suite\u00a0\u00bb<\/a><\/p>\n","protected":false},"author":1,"featured_media":0,"parent":1531,"menu_order":1,"comment_status":"closed","ping_status":"closed","template":"","meta":{"_uag_custom_page_level_css":"","site-sidebar-layout":"default","site-content-layout":"default","ast-global-header-display":"","ast-main-header-display":"","ast-hfb-above-header-display":"","ast-hfb-below-header-display":"","ast-hfb-mobile-header-display":"","site-post-title":"disabled","ast-breadcrumbs-content":"","ast-featured-img":"","footer-sml-layout":"","theme-transparent-header-meta":"","adv-header-id-meta":"","stick-header-meta":"","header-above-stick-meta":"","header-main-stick-meta":"","header-below-stick-meta":"","footnotes":""},"class_list":["post-2276","page","type-page","status-publish","hentry"],"aioseo_notices":[],"uagb_featured_image_src":{"full":false,"thumbnail":false,"medium":false,"medium_large":false,"large":false,"1536x1536":false,"2048x2048":false},"uagb_author_info":{"display_name":"steppi139","author_link":"https:\/\/pistart.be\/?author=1"},"uagb_comment_info":0,"uagb_excerpt":"2022&nbsp;: une ann\u00e9e charni\u00e8re, celle d\u2019une r\u00e9orientation professionnelle\u2026 Comment mettre \u00e0 profit le temps d\u00e9sormais disponible&nbsp;apr\u00e8s une carri\u00e8re de pilote militaire bien remplie&nbsp;? Ce n\u2019\u00e9tait pour moi pas un grand d\u00e9fi, tant les options \u00e9taient nombreuses. Et le choix fut vite fait&nbsp;! J\u2019allais enfin pouvoir donner cours \u00e0 ma cr\u00e9ativit\u00e9, dans un domaine que j\u2019avais\u2026","_links":{"self":[{"href":"https:\/\/pistart.be\/index.php?rest_route=\/wp\/v2\/pages\/2276","targetHints":{"allow":["GET"]}}],"collection":[{"href":"https:\/\/pistart.be\/index.php?rest_route=\/wp\/v2\/pages"}],"about":[{"href":"https:\/\/pistart.be\/index.php?rest_route=\/wp\/v2\/types\/page"}],"author":[{"embeddable":true,"href":"https:\/\/pistart.be\/index.php?rest_route=\/wp\/v2\/users\/1"}],"replies":[{"embeddable":true,"href":"https:\/\/pistart.be\/index.php?rest_route=%2Fwp%2Fv2%2Fcomments&post=2276"}],"version-history":[{"count":13,"href":"https:\/\/pistart.be\/index.php?rest_route=\/wp\/v2\/pages\/2276\/revisions"}],"predecessor-version":[{"id":3538,"href":"https:\/\/pistart.be\/index.php?rest_route=\/wp\/v2\/pages\/2276\/revisions\/3538"}],"up":[{"embeddable":true,"href":"https:\/\/pistart.be\/index.php?rest_route=\/wp\/v2\/pages\/1531"}],"wp:attachment":[{"href":"https:\/\/pistart.be\/index.php?rest_route=%2Fwp%2Fv2%2Fmedia&parent=2276"}],"curies":[{"name":"wp","href":"https:\/\/api.w.org\/{rel}","templated":true}]}}