{"id":2284,"date":"2022-11-06T18:29:38","date_gmt":"2022-11-06T17:29:38","guid":{"rendered":"https:\/\/pistart.be\/?page_id=2284"},"modified":"2022-11-30T20:36:19","modified_gmt":"2022-11-30T19:36:19","slug":"realisations","status":"publish","type":"page","link":"https:\/\/pistart.be\/?page_id=2284","title":{"rendered":"Mes R\u00e9alisations"},"content":{"rendered":"<style>.kadence-column_8ea00c-d2 > .kt-inside-inner-col{border-top-width:0px;border-right-width:0px;border-bottom-width:0px;border-left-width:0px;}.kadence-column_8ea00c-d2 > .kt-inside-inner-col,.kadence-column_8ea00c-d2 > .kt-inside-inner-col:before{border-top-left-radius:0px;border-top-right-radius:0px;border-bottom-right-radius:0px;border-bottom-left-radius:0px;}.kadence-column_8ea00c-d2 > .kt-inside-inner-col:before{opacity:0.3;}div:not(.kt-inside-inner-col) > .kadence-column_8ea00c-d2{position:relative;}<\/style>\n<div class=\"wp-block-kadence-column inner-column-1 kadence-column_8ea00c-d2\"><div class=\"kt-inside-inner-col\">\n<div class=\"wp-block-uagb-advanced-heading uagb-block-da46406f\"><h3 class=\"uagb-heading-text\"><br>Mes r\u00e9alisations<\/h3><\/div>\n\n\n\n<div class=\"wp-block-uagb-image uagb-block-40f5bdcc wp-block-uagb-image--layout-default wp-block-uagb-image--effect-static wp-block-uagb-image--align-none\"><figure class=\"wp-block-uagb-image__figure\"><img decoding=\"async\" srcset=\"https:\/\/i0.wp.com\/pistart.be\/wp-content\/uploads\/2022\/11\/IMG_20211013_170138.jpg?resize=300%2C225&#038;ssl=1 \" src=\"https:\/\/i0.wp.com\/pistart.be\/wp-content\/uploads\/2022\/11\/IMG_20211013_170138.jpg?resize=300%2C225&#038;ssl=1\" alt=\"\" class=\"uag-image-1908\" width=\"300\" height=\"225\" title=\"\" loading=\"lazy\" data-recalc-dims=\"1\"\/><\/figure><\/div>\n\n\n\n<p>A c\u00f4t\u00e9 de mes prestations en atelier de menuiserie qui me permettent de travailler du bois massif de grande taille, je commercialise sous le nom de Pistart des objets de d\u00e9coration en bois de plus petite taille.<\/p>\n\n\n\n<p>Fr\u00e9quentant les milieux sportifs, j\u2019ai rapidement \u00e9t\u00e9 sollicit\u00e9 pour confectionner des troph\u00e9es en bois. L\u2019acquisition d\u2019un graveur laser m\u2019a rapidement permis de r\u00e9aliser des troph\u00e9es uniques et personnalis\u00e9s, ce qui rencontre un grand succ\u00e8s aupr\u00e8s des sportifs.<\/p>\n\n\n\n<p>Je d\u00e9veloppe moi-m\u00eame le design, en \u00e9troite collaboration avec le client, en utilisant le logiciel de dessin vectoriel Inkscape (open source).<\/p>\n\n\n\n<p>Avec le temps, j\u2019ai d\u00e9couvert de nouvelles possibilit\u00e9s offertes par mon graveur laser, telles que la gravure sur verre, miroir, ardoise, li\u00e8ge\u2026<\/p>\n\n\n\n<p>Vous d\u00e9couvrirez sur ce site des exemples de mes r\u00e9alisations.<\/p>\n\n\n\n<p>N\u2019h\u00e9sitez pas \u00e0 me contacter si l\u2019un de ces exemples vous inspire&nbsp;; ce ne sont que des illustrations de ce qui est possible, et les variations sont innombrables. Laisser parler votre imagination\u2026<\/p>\n<\/div><\/div>\n\n\n<style>#kt-layout-id_c3c7ae-e4 > .kt-row-column-wrap{align-content:start;}:where(#kt-layout-id_c3c7ae-e4 > .kt-row-column-wrap) > .wp-block-kadence-column{justify-content:start;}#kt-layout-id_c3c7ae-e4 > .kt-row-column-wrap{column-gap:var(--global-kb-gap-md, 2rem);row-gap:var(--global-kb-gap-md, 2rem);padding-top:25px;padding-bottom:25px;padding-top:var(--global-kb-spacing-sm, 1.5rem);padding-bottom:var(--global-kb-spacing-sm, 1.5rem);grid-template-columns:minmax(0, 1fr);}#kt-layout-id_c3c7ae-e4 > .kt-row-layout-overlay{opacity:0.30;}@media all and (max-width: 1024px){#kt-layout-id_c3c7ae-e4 > .kt-row-column-wrap{grid-template-columns:minmax(0, 1fr);}}@media all and (max-width: 767px){#kt-layout-id_c3c7ae-e4 > .kt-row-column-wrap{grid-template-columns:minmax(0, 1fr);}}<\/style>\n<div class=\"wp-block-kadence-rowlayout alignnone\"><div id=\"kt-layout-id_c3c7ae-e4\" class=\"kt-row-layout-inner kt-layout-id_c3c7ae-e4\"><div class=\"kt-row-column-wrap kt-has-1-columns kt-gutter-default kt-v-gutter-default kt-row-valign-top kt-row-layout-equal kt-tab-layout-inherit kt-m-colapse-left-to-right kt-mobile-layout-row\"><style>.kadence-column_21a843-18 > .kt-inside-inner-col{border-top-width:0px;border-right-width:0px;border-bottom-width:0px;border-left-width:0px;}.kadence-column_21a843-18 > .kt-inside-inner-col,.kadence-column_21a843-18 > .kt-inside-inner-col:before{border-top-left-radius:0px;border-top-right-radius:0px;border-bottom-right-radius:0px;border-bottom-left-radius:0px;}.kadence-column_21a843-18 > .kt-inside-inner-col:before{opacity:0.3;}div:not(.kt-inside-inner-col) > .kadence-column_21a843-18{position:relative;}<\/style>\n<div class=\"wp-block-kadence-column inner-column-1 kadence-column_21a843-18\"><div class=\"kt-inside-inner-col\"><style>.wp-block-kadence-advancedbtn.kb-btns_97a208-8e{gap:var(--global-kb-gap-xs, 0.5rem );justify-content:center;align-items:center;}.kt-btns_97a208-8e .kt-button{font-weight:normal;font-style:normal;}.kt-btns_97a208-8e .kt-btn-wrap-0{margin-right:5px;}.wp-block-kadence-advancedbtn.kt-btns_97a208-8e .kt-btn-wrap-0 .kt-button{color:var(--ast-global-color-5);background:var(--ast-global-color-3);border-color:#555555;}.wp-block-kadence-advancedbtn.kt-btns_97a208-8e .kt-btn-wrap-0 .kt-button:hover, .wp-block-kadence-advancedbtn.kt-btns_97a208-8e .kt-btn-wrap-0 .kt-button:focus{color:#ffffff;border-color:#444444;}.wp-block-kadence-advancedbtn.kt-btns_97a208-8e .kt-btn-wrap-0 .kt-button::before{display:none;}.wp-block-kadence-advancedbtn.kt-btns_97a208-8e .kt-btn-wrap-0 .kt-button:hover, .wp-block-kadence-advancedbtn.kt-btns_97a208-8e .kt-btn-wrap-0 .kt-button:focus{background:#444444;}<\/style>\n<div class=\"wp-block-kadence-advancedbtn kt-btn-align-center kt-btn-tablet-align-inherit kt-btn-mobile-align-inherit kt-btns-wrap kt-btns_97a208-8e\"><div class=\"kt-btn-wrap kt-btn-wrap-0\"><a class=\"kt-button button kt-btn-0-action kt-btn-size-standard kt-btn-style-basic kt-btn-svg-show-always kt-btn-has-text-true kt-btn-has-svg-true\" href=\"https:\/\/pistart.be\/\" style=\"border-radius:23px\"><div style=\"display:inline-flex;justify-content:center;align-items:center\" class=\"kt-btn-svg-icon kt-btn-svg-icon-fe_home kt-btn-side-left\"><svg style=\"display:inline-block;vertical-align:middle\" viewBox=\"0 0 24 24\" height=\"1em\" width=\"1em\" fill=\"none\" stroke=\"currentColor\" xmlns=\"http:\/\/www.w3.org\/2000\/svg\" stroke-width=\"2\" stroke-linecap=\"round\" stroke-linejoin=\"round\"><path d=\"M3 9l9-7 9 7v11a2 2 0 0 1-2 2H5a2 2 0 0 1-2-2z\"><\/path><polyline points=\"9 22 9 12 15 12 15 22\"><\/polyline><\/svg><\/div><span class=\"kt-btn-inner-text\">Accueil<\/span><\/a><\/div><\/div>\n<\/div><\/div>\n<\/div><\/div><\/div>\n","protected":false},"excerpt":{"rendered":"<p>A c\u00f4t\u00e9 de mes prestations en atelier de menuiserie qui me permettent de travailler du bois massif de grande taille, je commercialise sous le nom de Pistart des objets de d\u00e9coration en bois de plus petite taille. Fr\u00e9quentant les milieux sportifs, j\u2019ai rapidement \u00e9t\u00e9 sollicit\u00e9 pour confectionner des troph\u00e9es en bois. L\u2019acquisition d\u2019un graveur laser &hellip;<\/p>\n<p class=\"read-more\"> <a class=\"\" href=\"https:\/\/pistart.be\/?page_id=2284\"> <span class=\"screen-reader-text\">Mes R\u00e9alisations<\/span> Lire la suite\u00a0\u00bb<\/a><\/p>\n","protected":false},"author":1,"featured_media":0,"parent":1531,"menu_order":2,"comment_status":"closed","ping_status":"closed","template":"","meta":{"_uag_custom_page_level_css":"","site-sidebar-layout":"default","site-content-layout":"default","ast-global-header-display":"","ast-main-header-display":"","ast-hfb-above-header-display":"","ast-hfb-below-header-display":"","ast-hfb-mobile-header-display":"","site-post-title":"disabled","ast-breadcrumbs-content":"","ast-featured-img":"","footer-sml-layout":"","theme-transparent-header-meta":"","adv-header-id-meta":"","stick-header-meta":"","header-above-stick-meta":"","header-main-stick-meta":"","header-below-stick-meta":"","footnotes":""},"class_list":["post-2284","page","type-page","status-publish","hentry"],"aioseo_notices":[],"uagb_featured_image_src":{"full":false,"thumbnail":false,"medium":false,"medium_large":false,"large":false,"1536x1536":false,"2048x2048":false},"uagb_author_info":{"display_name":"steppi139","author_link":"https:\/\/pistart.be\/?author=1"},"uagb_comment_info":0,"uagb_excerpt":"A c\u00f4t\u00e9 de mes prestations en atelier de menuiserie qui me permettent de travailler du bois massif de grande taille, je commercialise sous le nom de Pistart des objets de d\u00e9coration en bois de plus petite taille. Fr\u00e9quentant les milieux sportifs, j\u2019ai rapidement \u00e9t\u00e9 sollicit\u00e9 pour confectionner des troph\u00e9es en bois. L\u2019acquisition d\u2019un graveur laser\u2026","_links":{"self":[{"href":"https:\/\/pistart.be\/index.php?rest_route=\/wp\/v2\/pages\/2284","targetHints":{"allow":["GET"]}}],"collection":[{"href":"https:\/\/pistart.be\/index.php?rest_route=\/wp\/v2\/pages"}],"about":[{"href":"https:\/\/pistart.be\/index.php?rest_route=\/wp\/v2\/types\/page"}],"author":[{"embeddable":true,"href":"https:\/\/pistart.be\/index.php?rest_route=\/wp\/v2\/users\/1"}],"replies":[{"embeddable":true,"href":"https:\/\/pistart.be\/index.php?rest_route=%2Fwp%2Fv2%2Fcomments&post=2284"}],"version-history":[{"count":8,"href":"https:\/\/pistart.be\/index.php?rest_route=\/wp\/v2\/pages\/2284\/revisions"}],"predecessor-version":[{"id":3000,"href":"https:\/\/pistart.be\/index.php?rest_route=\/wp\/v2\/pages\/2284\/revisions\/3000"}],"up":[{"embeddable":true,"href":"https:\/\/pistart.be\/index.php?rest_route=\/wp\/v2\/pages\/1531"}],"wp:attachment":[{"href":"https:\/\/pistart.be\/index.php?rest_route=%2Fwp%2Fv2%2Fmedia&parent=2284"}],"curies":[{"name":"wp","href":"https:\/\/api.w.org\/{rel}","templated":true}]}}