{"id":2295,"date":"2022-11-06T18:43:27","date_gmt":"2022-11-06T17:43:27","guid":{"rendered":"https:\/\/pistart.be\/?page_id=2295"},"modified":"2022-11-30T20:37:18","modified_gmt":"2022-11-30T19:37:18","slug":"mes-valeurs","status":"publish","type":"page","link":"https:\/\/pistart.be\/?page_id=2295","title":{"rendered":"Mes valeurs"},"content":{"rendered":"<style>.kadence-column_e5c1c9-83 > .kt-inside-inner-col{border-top-width:0px;border-right-width:0px;border-bottom-width:0px;border-left-width:0px;}.kadence-column_e5c1c9-83 > .kt-inside-inner-col,.kadence-column_e5c1c9-83 > .kt-inside-inner-col:before{border-top-left-radius:0px;border-top-right-radius:0px;border-bottom-right-radius:0px;border-bottom-left-radius:0px;}.kadence-column_e5c1c9-83 > .kt-inside-inner-col:before{opacity:0.3;}div:not(.kt-inside-inner-col) > .kadence-column_e5c1c9-83{position:relative;}<\/style>\n<div class=\"wp-block-kadence-column inner-column-1 kadence-column_e5c1c9-83\"><div class=\"kt-inside-inner-col\">\n<div class=\"wp-block-uagb-advanced-heading uagb-block-fb57d4d2\"><h3 class=\"uagb-heading-text\"><br>Mes valeurs<\/h3><\/div>\n\n\n\n<p>Je privil\u00e9gie le circuit-court et choisis mes mat\u00e9riaux dans un esprit \u00e9co-responsable.<\/p>\n\n\n\n<p>Le bois massif que j\u2019utilise provient majoritairement de nos for\u00eats wallonnes&nbsp;(ch\u00eane, h\u00eatre, merisier, peuplier, tilleul, \u2026); lorsque ce n\u2019est pas possible, comme c\u2019est le cas du bambou, je veille \u00e0 ce qu\u2019il soit couvert par les labels de gestion durable (FSC et PEFC).<\/p>\n\n\n\n<div class=\"wp-block-uagb-container uagb-block-1b154b48 alignfull uagb-is-root-container\"><div class=\"uagb-container-inner-blocks-wrap\">\n<div class=\"wp-block-uagb-container uagb-block-3dce1609 alignfull uagb-is-root-container\"><div class=\"uagb-container-inner-blocks-wrap\">\n<figure class=\"wp-block-image size-thumbnail\"><img loading=\"lazy\" decoding=\"async\" width=\"150\" height=\"150\" src=\"https:\/\/i0.wp.com\/pistart.be\/wp-content\/uploads\/2022\/11\/logo-Bois-Local-1.jpg?resize=150%2C150&#038;ssl=1\" alt=\"\" class=\"wp-image-2297\" srcset=\"https:\/\/i0.wp.com\/pistart.be\/wp-content\/uploads\/2022\/11\/logo-Bois-Local-1.jpg?resize=150%2C150&amp;ssl=1 150w, https:\/\/i0.wp.com\/pistart.be\/wp-content\/uploads\/2022\/11\/logo-Bois-Local-1.jpg?w=225&amp;ssl=1 225w\" sizes=\"auto, (max-width: 150px) 100vw, 150px\" data-recalc-dims=\"1\" \/><\/figure>\n<\/div><\/div>\n\n\n\n<div class=\"wp-block-uagb-container uagb-block-14eb27cf alignfull uagb-is-root-container\"><div class=\"uagb-container-inner-blocks-wrap\">\n<figure class=\"wp-block-image size-full is-resized\"><img loading=\"lazy\" decoding=\"async\" src=\"https:\/\/i0.wp.com\/pistart.be\/wp-content\/uploads\/2022\/11\/logo-FSC.jpg?resize=220%2C128&#038;ssl=1\" alt=\"\" class=\"wp-image-2298\" width=\"220\" height=\"128\" data-recalc-dims=\"1\" \/><\/figure>\n<\/div><\/div>\n\n\n\n<div class=\"wp-block-uagb-container uagb-block-968f0abe alignfull uagb-is-root-container\"><div class=\"uagb-container-inner-blocks-wrap\">\n<figure class=\"wp-block-image size-thumbnail\"><img loading=\"lazy\" decoding=\"async\" width=\"150\" height=\"150\" src=\"https:\/\/i0.wp.com\/pistart.be\/wp-content\/uploads\/2022\/11\/logo-PEFS.jpg?resize=150%2C150&#038;ssl=1\" alt=\"\" class=\"wp-image-2299\" srcset=\"https:\/\/i0.wp.com\/pistart.be\/wp-content\/uploads\/2022\/11\/logo-PEFS.jpg?resize=150%2C150&amp;ssl=1 150w, https:\/\/i0.wp.com\/pistart.be\/wp-content\/uploads\/2022\/11\/logo-PEFS.jpg?w=200&amp;ssl=1 200w\" sizes=\"auto, (max-width: 150px) 100vw, 150px\" data-recalc-dims=\"1\" \/><\/figure>\n<\/div><\/div>\n<\/div><\/div>\n<\/div><\/div>\n\n\n<style>#kt-layout-id_04d5f6-28 > .kt-row-column-wrap{align-content:start;}:where(#kt-layout-id_04d5f6-28 > .kt-row-column-wrap) > .wp-block-kadence-column{justify-content:start;}#kt-layout-id_04d5f6-28 > .kt-row-column-wrap{column-gap:var(--global-kb-gap-md, 2rem);row-gap:var(--global-kb-gap-md, 2rem);padding-top:25px;padding-bottom:25px;padding-top:var(--global-kb-spacing-sm, 1.5rem);padding-bottom:var(--global-kb-spacing-sm, 1.5rem);grid-template-columns:minmax(0, 1fr);}#kt-layout-id_04d5f6-28 > .kt-row-layout-overlay{opacity:0.30;}@media all and (max-width: 1024px){#kt-layout-id_04d5f6-28 > .kt-row-column-wrap{grid-template-columns:minmax(0, 1fr);}}@media all and (max-width: 767px){#kt-layout-id_04d5f6-28 > .kt-row-column-wrap{grid-template-columns:minmax(0, 1fr);}}<\/style>\n<div class=\"wp-block-kadence-rowlayout alignnone\"><div id=\"kt-layout-id_04d5f6-28\" class=\"kt-row-layout-inner kt-layout-id_04d5f6-28\"><div class=\"kt-row-column-wrap kt-has-1-columns kt-gutter-default kt-v-gutter-default kt-row-valign-top kt-row-layout-equal kt-tab-layout-inherit kt-m-colapse-left-to-right kt-mobile-layout-row\"><style>.kadence-column_3da1e7-ea > .kt-inside-inner-col{border-top-width:0px;border-right-width:0px;border-bottom-width:0px;border-left-width:0px;}.kadence-column_3da1e7-ea > .kt-inside-inner-col,.kadence-column_3da1e7-ea > .kt-inside-inner-col:before{border-top-left-radius:0px;border-top-right-radius:0px;border-bottom-right-radius:0px;border-bottom-left-radius:0px;}.kadence-column_3da1e7-ea > .kt-inside-inner-col:before{opacity:0.3;}div:not(.kt-inside-inner-col) > .kadence-column_3da1e7-ea{position:relative;}<\/style>\n<div class=\"wp-block-kadence-column inner-column-1 kadence-column_3da1e7-ea\"><div class=\"kt-inside-inner-col\"><style>.wp-block-kadence-advancedbtn.kb-btns_e9980b-74{gap:var(--global-kb-gap-xs, 0.5rem );justify-content:center;align-items:center;}.kt-btns_e9980b-74 .kt-button{font-weight:normal;font-style:normal;}.kt-btns_e9980b-74 .kt-btn-wrap-0{margin-right:5px;}.wp-block-kadence-advancedbtn.kt-btns_e9980b-74 .kt-btn-wrap-0 .kt-button{color:var(--ast-global-color-5);background:var(--ast-global-color-3);border-color:#555555;}.wp-block-kadence-advancedbtn.kt-btns_e9980b-74 .kt-btn-wrap-0 .kt-button:hover, .wp-block-kadence-advancedbtn.kt-btns_e9980b-74 .kt-btn-wrap-0 .kt-button:focus{color:#ffffff;border-color:#444444;}.wp-block-kadence-advancedbtn.kt-btns_e9980b-74 .kt-btn-wrap-0 .kt-button::before{display:none;}.wp-block-kadence-advancedbtn.kt-btns_e9980b-74 .kt-btn-wrap-0 .kt-button:hover, .wp-block-kadence-advancedbtn.kt-btns_e9980b-74 .kt-btn-wrap-0 .kt-button:focus{background:#444444;}.wp-block-kadence-advancedbtn.kt-btns_e9980b-74 .kt-btn-wrap-0 .kt-button .kt-btn-svg-icon{color:var(--ast-global-color-5);}<\/style>\n<div class=\"wp-block-kadence-advancedbtn kt-btn-align-center kt-btn-tablet-align-inherit kt-btn-mobile-align-inherit kt-btns-wrap kt-btns_e9980b-74\"><div class=\"kt-btn-wrap kt-btn-wrap-0\"><a class=\"kt-button button kt-btn-0-action kt-btn-size-standard kt-btn-style-basic kt-btn-svg-show-always kt-btn-has-text-true kt-btn-has-svg-true\" href=\"https:\/\/pistart.be\/\" style=\"border-radius:23px\"><div style=\"display:inline-flex;justify-content:center;align-items:center\" class=\"kt-btn-svg-icon kt-btn-svg-icon-fe_home kt-btn-side-left\"><svg style=\"display:inline-block;vertical-align:middle\" viewBox=\"0 0 24 24\" height=\"1em\" width=\"1em\" fill=\"none\" stroke=\"currentColor\" xmlns=\"http:\/\/www.w3.org\/2000\/svg\" stroke-width=\"2\" stroke-linecap=\"round\" stroke-linejoin=\"round\"><path d=\"M3 9l9-7 9 7v11a2 2 0 0 1-2 2H5a2 2 0 0 1-2-2z\"><\/path><polyline points=\"9 22 9 12 15 12 15 22\"><\/polyline><\/svg><\/div><span class=\"kt-btn-inner-text\">Accueil<\/span><\/a><\/div><\/div>\n<\/div><\/div>\n<\/div><\/div><\/div>\n","protected":false},"excerpt":{"rendered":"<p>Je privil\u00e9gie le circuit-court et choisis mes mat\u00e9riaux dans un esprit \u00e9co-responsable. Le bois massif que j\u2019utilise provient majoritairement de nos for\u00eats wallonnes&nbsp;(ch\u00eane, h\u00eatre, merisier, peuplier, tilleul, \u2026); lorsque ce n\u2019est pas possible, comme c\u2019est le cas du bambou, je veille \u00e0 ce qu\u2019il soit couvert par les labels de gestion durable (FSC et PEFC).<\/p>\n","protected":false},"author":1,"featured_media":0,"parent":1531,"menu_order":3,"comment_status":"closed","ping_status":"closed","template":"","meta":{"_uag_custom_page_level_css":"","site-sidebar-layout":"default","site-content-layout":"default","ast-global-header-display":"","ast-main-header-display":"","ast-hfb-above-header-display":"","ast-hfb-below-header-display":"","ast-hfb-mobile-header-display":"","site-post-title":"disabled","ast-breadcrumbs-content":"","ast-featured-img":"","footer-sml-layout":"","theme-transparent-header-meta":"","adv-header-id-meta":"","stick-header-meta":"","header-above-stick-meta":"","header-main-stick-meta":"","header-below-stick-meta":"","footnotes":""},"class_list":["post-2295","page","type-page","status-publish","hentry"],"aioseo_notices":[],"uagb_featured_image_src":{"full":false,"thumbnail":false,"medium":false,"medium_large":false,"large":false,"1536x1536":false,"2048x2048":false},"uagb_author_info":{"display_name":"steppi139","author_link":"https:\/\/pistart.be\/?author=1"},"uagb_comment_info":0,"uagb_excerpt":"Je privil\u00e9gie le circuit-court et choisis mes mat\u00e9riaux dans un esprit \u00e9co-responsable. Le bois massif que j\u2019utilise provient majoritairement de nos for\u00eats wallonnes&nbsp;(ch\u00eane, h\u00eatre, merisier, peuplier, tilleul, \u2026); lorsque ce n\u2019est pas possible, comme c\u2019est le cas du bambou, je veille \u00e0 ce qu\u2019il soit couvert par les labels de gestion durable (FSC et PEFC).","_links":{"self":[{"href":"https:\/\/pistart.be\/index.php?rest_route=\/wp\/v2\/pages\/2295","targetHints":{"allow":["GET"]}}],"collection":[{"href":"https:\/\/pistart.be\/index.php?rest_route=\/wp\/v2\/pages"}],"about":[{"href":"https:\/\/pistart.be\/index.php?rest_route=\/wp\/v2\/types\/page"}],"author":[{"embeddable":true,"href":"https:\/\/pistart.be\/index.php?rest_route=\/wp\/v2\/users\/1"}],"replies":[{"embeddable":true,"href":"https:\/\/pistart.be\/index.php?rest_route=%2Fwp%2Fv2%2Fcomments&post=2295"}],"version-history":[{"count":7,"href":"https:\/\/pistart.be\/index.php?rest_route=\/wp\/v2\/pages\/2295\/revisions"}],"predecessor-version":[{"id":3001,"href":"https:\/\/pistart.be\/index.php?rest_route=\/wp\/v2\/pages\/2295\/revisions\/3001"}],"up":[{"embeddable":true,"href":"https:\/\/pistart.be\/index.php?rest_route=\/wp\/v2\/pages\/1531"}],"wp:attachment":[{"href":"https:\/\/pistart.be\/index.php?rest_route=%2Fwp%2Fv2%2Fmedia&parent=2295"}],"curies":[{"name":"wp","href":"https:\/\/api.w.org\/{rel}","templated":true}]}}